{"id":43,"date":"2020-01-25T16:39:35","date_gmt":"2020-01-25T16:39:35","guid":{"rendered":"http:\/\/laurisiren.net\/portfolio\/?page_id=43"},"modified":"2023-03-14T14:24:06","modified_gmt":"2023-03-14T12:24:06","slug":"cv","status":"publish","type":"page","link":"http:\/\/laurisiren.net\/portfolio\/cv\/","title":{"rendered":"CV"},"content":{"rendered":"\n<div class=\"wp-block-group\"><div class=\"wp-block-group__inner-container is-layout-flow wp-block-group-is-layout-flow\"><div class=\"wp-block-image\">\n<figure class=\"aligncenter size-large\"><img loading=\"lazy\" decoding=\"async\" width=\"600\" height=\"600\" src=\"https:\/\/laurisiren.net\/portfolio\/wp-content\/uploads\/2020\/10\/lauri_square_600.jpg\" alt=\"\" class=\"wp-image-358\" srcset=\"http:\/\/laurisiren.net\/portfolio\/wp-content\/uploads\/2020\/10\/lauri_square_600.jpg 600w, http:\/\/laurisiren.net\/portfolio\/wp-content\/uploads\/2020\/10\/lauri_square_600-150x150.jpg 150w, http:\/\/laurisiren.net\/portfolio\/wp-content\/uploads\/2020\/10\/lauri_square_600-560x560.jpg 560w, http:\/\/laurisiren.net\/portfolio\/wp-content\/uploads\/2020\/10\/lauri_square_600-540x540.jpg 540w\" sizes=\"auto, (max-width: 600px) 100vw, 600px\" \/><\/figure>\n<\/div>\n\n\n<p class=\"has-text-align-center teksti.a\"><strong>Lauri Sir\u00e9n<\/strong><\/p>\n\n\n\n<p class=\"has-text-align-center teksti.a\"><strong>Lighting &amp; Visual Designer<\/strong><\/p>\n\n\n\n<div style=\"height:26px\" aria-hidden=\"true\" class=\"wp-block-spacer\"><\/div>\n\n\n\n<p class=\"has-text-align-center teskti.a\"><strong>Education<\/strong><\/p>\n\n\n\n<p class=\"has-text-align-center teksti.a\">\u00b7&nbsp; Master of Arts in Theatre and Drama (Lighting Design), <a href=\"https:\/\/www.uniarts.fi\/en\" target=\"_blank\" rel=\"noreferrer noopener\" aria-label=\" (opens in a new tab)\">University of the Arts Helsinki<\/a>, 2019 <\/p>\n\n\n\n<p class=\"has-text-align-center teksti.a\">\u00b7&nbsp; Bachelor of Arts in Theatre and Drama\n(Lighting Design), University of the Arts Helsinki, 2014 <\/p>\n\n\n\n<p class=\"has-text-align-center teksti.a\">\u00b7&nbsp; Media Assistant (Theatre and Event\nTechnology), North Carelia College of Further Education Outokumpu, 2007 <\/p>\n\n\n\n<div style=\"height:26px\" aria-hidden=\"true\" class=\"wp-block-spacer\"><\/div>\n\n\n\n<p class=\"has-text-align-center teksti.a\"><strong>Work History<\/strong><\/p>\n\n\n\n<p class=\"has-text-align-center teksti.a\">\u00b7\u00a0 Entrepeneur, CEO; <a rel=\"noreferrer noopener\" href=\"https:\/\/www.lyhtyvisual.com\" data-type=\"URL\" data-id=\"https:\/\/www.lyhtyvisual.com\" target=\"_blank\">Lyhty Visual Oy<\/a>, 2020-present<\/p>\n\n\n\n<p class=\"has-text-align-center teksti.a\">\u00b7 Freelance Lighting and Visual Designer, Lighting Technician, 2006-present <\/p>\n\n\n\n<p class=\"has-text-align-center\">\u00b7\u00a0 Founding phase CEO; <a rel=\"noreferrer noopener\" href=\"https:\/\/www.parvicollective.com\" target=\"_blank\">Parvi Collective Oy<\/a>, 2022<\/p>\n\n\n\n<p class=\"has-text-align-center teksti.a\">\u00b7&nbsp; Designer (full time), <a rel=\"noreferrer noopener\" aria-label=\" (opens in a new tab)\" href=\"http:\/\/www.suneffects.fi\" target=\"_blank\">Sun Effects<\/a>, 2016-2020 <\/p>\n\n\n\n<p class=\"has-text-align-center teksti.a\">\u00b7&nbsp; Lighting Designer, <a href=\"http:\/\/www.ruosila.com\" target=\"_blank\" rel=\"noreferrer noopener\" aria-label=\" (opens in a new tab)\">\u00c4\u00e4ni ja valoteknikka Ruosila<\/a>, 2013-2016 <\/p>\n\n\n\n<p class=\"has-text-align-center teksti.a\">\u00b7&nbsp; Lighting and Video Designer, <a href=\"http:\/\/www.happoradio.net\" target=\"_blank\" rel=\"noreferrer noopener\" aria-label=\" (opens in a new tab)\">Happoradio<\/a>, 2008-2014 <\/p>\n\n\n\n<p class=\"has-text-align-center\">\u00b7&nbsp; Lighting Designer, Orjatori, 2008-2013 <\/p>\n\n\n\n<p class=\"has-text-align-center\">\u00b7&nbsp; Lighting Techician, JS Sound Group, 2007-2008<\/p>\n\n\n\n<div style=\"height:26px\" aria-hidden=\"true\" class=\"wp-block-spacer\"><\/div>\n\n\n\n<p class=\"has-text-align-center\"><br> I have worked on around a thousand different gigs and projects throughout the years, ranging in size from very small to very large, in different roles, mostly revolving around lighting, video and event design and technical production. <\/p>\n\n\n\n<div style=\"height:100px\" aria-hidden=\"true\" class=\"wp-block-spacer\"><\/div>\n\n\n\n<p class=\"has-text-align-center\"><strong>My previous work includes stage, lighting and spatial\ndesigns on the following events and festivals:<\/strong><\/p>\n\n\n\n<p class=\"has-text-align-center\">\u00b7&nbsp; <a href=\"http:\/\/www.flowfestival.fi\" target=\"_blank\" rel=\"noreferrer noopener\" aria-label=\" (opens in a new tab)\">Flow Festival<\/a> (2018-2019, large stage designs) <\/p>\n\n\n\n<p class=\"has-text-align-center\">\u00b7&nbsp; <a href=\"http:\/\/www.tubecon.fi\" target=\"_blank\" rel=\"noreferrer noopener\" aria-label=\" (opens in a new tab)\">Tubecon Finland<\/a> (2018-2019, Head Visual Designer, main stage design) <\/p>\n\n\n\n<p class=\"has-text-align-center\">\u00b7&nbsp; <a href=\"http:\/\/www.ruisrock.fi\" target=\"_blank\" rel=\"noreferrer noopener\" aria-label=\" (opens in a new tab)\">Ruisrock<\/a> (2019, stage designs) <\/p>\n\n\n\n<p class=\"has-text-align-center\">\u00b7&nbsp; <a href=\"https:\/\/www.nbforum.com\" target=\"_blank\" rel=\"noreferrer noopener\" aria-label=\" (opens in a new tab)\">Nordic Business Forum<\/a> (2018-2019 main stage lighting rig design, 2017 lighting programming) <\/p>\n\n\n\n<p class=\"has-text-align-center\">\u00b7&nbsp; <a href=\"https:\/\/helsinkicoffeefestival.com\" target=\"_blank\" rel=\"noreferrer noopener\" aria-label=\" (opens in a new tab)\">Helsinki Coffee Festival<\/a> (2018-2019 lighting design, 2018 set design) <\/p>\n\n\n\n<p class=\"has-text-align-center\">\u00b7&nbsp; <a rel=\"noreferrer noopener\" aria-label=\" (opens in a new tab)\" href=\"http:\/\/www.vegemessut.fi\" target=\"_blank\">Vegemessut<\/a>(2019-2020, lighting and scenic design) <\/p>\n\n\n\n<p class=\"has-text-align-center\">\u00b7&nbsp; <a href=\"http:\/\/www.slush.org\" target=\"_blank\" rel=\"noreferrer noopener\" aria-label=\" (opens in a new tab)\">Slush Helsinki<\/a> (2016-2018, large stage and lighting desings, spatial designs) <\/p>\n\n\n\n<p class=\"has-text-align-center\">\u00b7&nbsp; <a href=\"http:\/\/www.porispere.fi\" target=\"_blank\" rel=\"noreferrer noopener\" aria-label=\" (opens in a new tab)\">Porispere<\/a> (2012-2016, Head Lighting Designer, large stage desings) <\/p>\n\n\n\n<p class=\"has-text-align-center\">\u00b7&nbsp; <a href=\"http:\/\/www.karmarock.fi\" target=\"_blank\" rel=\"noreferrer noopener\" aria-label=\" (opens in a new tab)\">Karmarock<\/a> (2013-2016, stage designs) <\/p>\n\n\n\n<p class=\"has-text-align-center\">\u00b7&nbsp; <a href=\"http:\/\/www.rmj.fi\" target=\"_blank\" rel=\"noreferrer noopener\" aria-label=\" (opens in a new tab)\">RMJ<\/a> (2008-2010, 2016, large stage designs)<\/p>\n\n\n\n<div style=\"height:26px\" aria-hidden=\"true\" class=\"wp-block-spacer\"><\/div>\n\n\n\n<p class=\"has-text-align-center\">Plus a huge number of other events of all sizes<\/p>\n\n\n\n<div style=\"height:26px\" aria-hidden=\"true\" class=\"wp-block-spacer\"><\/div>\n\n\n\n<p class=\"has-text-align-center\"><strong>The bands and artists I have worked with include:<\/strong> <\/p>\n\n\n\n<p class=\"has-text-align-center\">\u00b7\u00a0 Miracle (a night with the Queen) (2022-present, Lights)<\/p>\n\n\n\n<p class=\"has-text-align-center\">\u00b7\u00a0 <a href=\"https:\/\/www.dita.net\">Dita von Teese<\/a> (Glamonatrix UK\/IE and EU tours 2022, Head LX Technician)<\/p>\n\n\n\n<p class=\"has-text-align-center\">\u00b7\u00a0 <a rel=\"noreferrer noopener\" aria-label=\"Mafia Honey (opens in a new tab)\" href=\"http:\/\/instagram.com\/mafiahoneyband\" target=\"_blank\">Mafia Honey<\/a> (2017-2019, Lighting Design) <\/p>\n\n\n\n<p class=\"has-text-align-center\">\u00b7  <a href=\"https:\/\/www.euga.fi\/language\/en\/\" target=\"_blank\" rel=\"noreferrer noopener\" aria-label=\"Male Voice Choir Euga (opens in a new tab)\">Male Voice Choir Euga<\/a> (2019, Lighting Design)<\/p>\n\n\n\n<p class=\"has-text-align-center\">\u00b7&nbsp; <a href=\"http:\/\/happoradio.net\" target=\"_blank\" rel=\"noreferrer noopener\" aria-label=\"Happoradio (opens in a new tab)\">Happoradio<\/a> (2008-2014, Lighting and Video design) <\/p>\n\n\n\n<p class=\"has-text-align-center\">\u00b7&nbsp; <a href=\"http:\/\/penttihietanen.fi\" target=\"_blank\" rel=\"noreferrer noopener\" aria-label=\"Pentti Hietanen (opens in a new tab)\">Pentti Hietanen<\/a> (2009, Lighting Design)<\/p>\n\n\n\n<div style=\"height:26px\" aria-hidden=\"true\" class=\"wp-block-spacer\"><\/div>\n\n\n\n<p class=\"has-text-align-center\">Plus countless one-off gigs and shows operated as a house LD on festivals, for both Finnish and international artists, on stages and productions of all sizes. <\/p>\n\n\n\n<div style=\"height:26px\" aria-hidden=\"true\" class=\"wp-block-spacer\"><\/div>\n\n\n\n<p class=\"has-text-align-center\"><strong>Some picks from my designs for theatre, dance and live\nart:<\/strong> <\/p>\n\n\n\n<p class=\"has-text-align-center\">\u00b7\u00a0 Epidermis: Maan hauras iho &#8211; The Fragile Skin of the Earth (Kek\u00e4l\u00e4inen &amp; Company, 2022)<\/p>\n\n\n\n<p class=\"has-text-align-center\">\u00b7\u00a0 Parvi &#8211; Flock (Kek\u00e4l\u00e4inen &amp; Company, 2021)<\/p>\n\n\n\n<p class=\"has-text-align-center\">\u00b7&nbsp; Get Down From There and Other Remarks (Zodiak \/ Jukka Tarvainen, 2021)<\/p>\n\n\n\n<p class=\"has-text-align-center\">\u00b7&nbsp; Ehjyt 2 (Mirva Keski-V\u00e4h\u00e4l\u00e4, 2019) <\/p>\n\n\n\n<p class=\"has-text-align-center\">\u00b7&nbsp; Coco ei oo en\u00e4\u00e4 t\u00e4\u00e4ll\u00e4 (Theatre Academy of\nthe University of the Arts Helsinki \/ Henriikka Himma, 2016) <\/p>\n\n\n\n<p class=\"has-text-align-center\">\u00b7&nbsp; Hate Speech Play &#8211; A Cruel Comedy (Theatre Academy\nof the University of the Arts Helsinki \/ Vili von Nissinen, 2015) <\/p>\n\n\n\n<p class=\"has-text-align-center\">\u00b7&nbsp; Respect! (Art Collective Rikastamo, 2015) <\/p>\n\n\n\n<p class=\"has-text-align-center\">\u00b7&nbsp; H\u00e4kki (Theatre Academy of the University of\nthe Arts Helsinki \/ Leila Kourkia, 2014) <\/p>\n\n\n\n<p class=\"has-text-align-center\">\u00b7&nbsp; Ehjyt (Mirva Keski-V\u00e4h\u00e4l\u00e4, 2014) <\/p>\n\n\n\n<p class=\"has-text-align-center\">\u00b7&nbsp; Muuntaja (But\u014d Hutera, 2014) <\/p>\n\n\n\n<p class=\"has-text-align-center\">\u00b7&nbsp; From Routes Untravelled (Routa \/ Mikko\nHyv\u00f6nen, 2012) <\/p>\n\n\n\n<p class=\"has-text-align-center\">\u00b7&nbsp; Kehi\u00f6 (Theatre Academy Helsinki \/ Finnish\nTheatre Orchestra, 2011) <\/p>\n\n\n\n<p class=\"has-text-align-center\">\u00b7&nbsp; Den goda m\u00e4nniskan i Sezuan (Theatre Academy\nHelsinki \/ Mikaela Has\u00e1n, 2010) <\/p>\n\n\n\n<p class=\"has-text-align-center\">\u00b7&nbsp; Kultaneito Aallon Akka (North Carelia College of Further Education \/ Mirva Mattila, 2006)<\/p>\n<\/div><\/div>\n","protected":false},"excerpt":{"rendered":"<p>Lauri Sir\u00e9n Lighting &amp; Visual Designer Education \u00b7&nbsp; Master of Arts in Theatre and Drama (Lighting Design), University of the Arts Helsinki, 2019 \u00b7&nbsp; Bachelor of Arts in Theatre and Drama (Lighting Design), University of the Arts Helsinki, 2014 \u00b7&nbsp; Media Assistant (Theatre and Event Technology), North Carelia College of Further Education Outokumpu, 2007 Work [&hellip;]<\/p>\n","protected":false},"author":1,"featured_media":0,"parent":0,"menu_order":0,"comment_status":"closed","ping_status":"closed","template":"","meta":{"footnotes":""},"class_list":["post-43","page","type-page","status-publish","hentry"],"_links":{"self":[{"href":"http:\/\/laurisiren.net\/portfolio\/wp-json\/wp\/v2\/pages\/43","targetHints":{"allow":["GET"]}}],"collection":[{"href":"http:\/\/laurisiren.net\/portfolio\/wp-json\/wp\/v2\/pages"}],"about":[{"href":"http:\/\/laurisiren.net\/portfolio\/wp-json\/wp\/v2\/types\/page"}],"author":[{"embeddable":true,"href":"http:\/\/laurisiren.net\/portfolio\/wp-json\/wp\/v2\/users\/1"}],"replies":[{"embeddable":true,"href":"http:\/\/laurisiren.net\/portfolio\/wp-json\/wp\/v2\/comments?post=43"}],"version-history":[{"count":28,"href":"http:\/\/laurisiren.net\/portfolio\/wp-json\/wp\/v2\/pages\/43\/revisions"}],"predecessor-version":[{"id":387,"href":"http:\/\/laurisiren.net\/portfolio\/wp-json\/wp\/v2\/pages\/43\/revisions\/387"}],"wp:attachment":[{"href":"http:\/\/laurisiren.net\/portfolio\/wp-json\/wp\/v2\/media?parent=43"}],"curies":[{"name":"wp","href":"https:\/\/api.w.org\/{rel}","templated":true}]}}